{"id":12,"date":"2021-11-13T19:12:37","date_gmt":"2021-11-13T19:12:37","guid":{"rendered":"https:\/\/dynoproject.hu\/?page_id=12"},"modified":"2021-11-13T20:07:10","modified_gmt":"2021-11-13T20:07:10","slug":"elerhetoseg","status":"publish","type":"page","link":"https:\/\/dynoproject.hu\/index.php\/elerhetoseg\/","title":{"rendered":"El\u00e9rhet\u0151s\u00e9g"},"content":{"rendered":"\n<p>Telefon: +36-20-222-4921<\/p>\n\n\n\n<p>Szerv\u00edz: +36-20-222-4904<\/p>\n\n\n\n<p>Dyno Project KFT.<\/p>\n\n\n\n<p>C\u00edm: 1211 Budapest<\/p>\n\n\n\n<p>Neh\u00e9zf\u00e9mforma-\u00d6nt\u0151 utca 16-os csarnok<\/p>\n\n\n\n<p>GPS: 47.431659,19.055208&nbsp;<\/p>\n\n\n\n<p>E-mail:&nbsp;<a href=\"mailto:info@dynoproject.hu\">info@dynoproject.hu<\/a><\/p>\n\n\n\n<p><a rel=\"noreferrer noopener\" href=\"https:\/\/www.google.com\/maps\/place\/Dyno+Project+Kft\/@47.431765,19.055566,11z\/data=!4m5!3m4!1s0x0:0xe9b8924fbb30994d!8m2!3d47.431765!4d19.055566?hl=hu\" target=\"_blank\">Google t\u00e9rk\u00e9p itt<\/a><a href=\"https:\/\/www.google.com\/maps\/place\/Dyno+Project+Kft\/@47.431765,19.055566,11z\/data=!4m5!3m4!1s0x0:0xe9b8924fbb30994d!8m2!3d47.431765!4d19.055566?hl=hu\" target=\"_blank\" rel=\"noreferrer noopener\">!<\/a><\/p>\n","protected":false},"excerpt":{"rendered":"<p>Telefon: +36-20-222-4921 Szerv\u00edz: +36-20-222-4904 Dyno Project KFT. C\u00edm: 1211 Budapest Neh\u00e9zf\u00e9mforma-\u00d6nt\u0151 utca 16-os csarnok GPS: 47.431659,19.055208&nbsp; E-mail:&nbsp;info@dynoproject.hu Google t\u00e9rk\u00e9p itt!<\/p>\n","protected":false},"author":1,"featured_media":0,"parent":0,"menu_order":0,"comment_status":"closed","ping_status":"closed","template":"","meta":{"footnotes":""},"class_list":["post-12","page","type-page","status-publish","hentry","entry"],"_links":{"self":[{"href":"https:\/\/dynoproject.hu\/index.php\/wp-json\/wp\/v2\/pages\/12","targetHints":{"allow":["GET"]}}],"collection":[{"href":"https:\/\/dynoproject.hu\/index.php\/wp-json\/wp\/v2\/pages"}],"about":[{"href":"https:\/\/dynoproject.hu\/index.php\/wp-json\/wp\/v2\/types\/page"}],"author":[{"embeddable":true,"href":"https:\/\/dynoproject.hu\/index.php\/wp-json\/wp\/v2\/users\/1"}],"replies":[{"embeddable":true,"href":"https:\/\/dynoproject.hu\/index.php\/wp-json\/wp\/v2\/comments?post=12"}],"version-history":[{"count":2,"href":"https:\/\/dynoproject.hu\/index.php\/wp-json\/wp\/v2\/pages\/12\/revisions"}],"predecessor-version":[{"id":63,"href":"https:\/\/dynoproject.hu\/index.php\/wp-json\/wp\/v2\/pages\/12\/revisions\/63"}],"wp:attachment":[{"href":"https:\/\/dynoproject.hu\/index.php\/wp-json\/wp\/v2\/media?parent=12"}],"curies":[{"name":"wp","href":"https:\/\/api.w.org\/{rel}","templated":true}]}}