{"id":132,"date":"2021-11-13T23:17:43","date_gmt":"2021-11-13T22:17:43","guid":{"rendered":"https:\/\/dynoproject.hu\/?page_id=132"},"modified":"2021-11-13T23:22:17","modified_gmt":"2021-11-13T22:22:17","slug":"araink","status":"publish","type":"page","link":"https:\/\/dynoproject.hu\/index.php\/araink\/","title":{"rendered":"\u00c1raink"},"content":{"rendered":"\n<p>\u00c1raink f\u0151tengely teljes\u00edtm\u00e9ny szerint netto euroban<\/p>\n\n\n\n<p>Forintban MNB napi k\u00f6z\u00e9p\u00e1rfolyam szerint kell szorozni!<\/p>\n\n\n\n<div class=\"wp-block-columns is-layout-flex wp-container-core-columns-is-layout-9d6595d7 wp-block-columns-is-layout-flex\">\n<div class=\"wp-block-column is-layout-flow wp-block-column-is-layout-flow\" style=\"flex-basis:100%\">\n<figure class=\"wp-block-table is-style-regular\"><table><tbody><tr><td><strong><span class=\"has-inline-color has-vivid-red-color\">Aut\u00f3 (2WD)<\/span><\/strong><\/td><\/tr><tr><td>0-150 Le<\/td><td>40 Euro<\/td><td><\/td><\/tr><tr><td>150-300 Le<\/td><td>60 Euro<\/td><td><\/td><\/tr><tr><td>300-450 Le<\/td><td>80 Euro<\/td><td><\/td><\/tr><tr><td>450+ Le<\/td><td>100 Euro<\/td><td><\/td><\/tr><tr><td><strong><span class=\"has-inline-color has-vivid-red-color\">Aut\u00f3 (4WD)<\/span><\/strong><\/td><\/tr><tr><td>0-150 Le<\/td><td>60 Euro<\/td><td><\/td><\/tr><tr><td>150-300 Le<\/td><td>80 Euro<\/td><td><\/td><\/tr><tr><td>300-450 Le<\/td><td>100 Euro<\/td><td><\/td><\/tr><tr><td>450+ Le<\/td><td>120 Euro<\/td><td><\/td><\/tr><tr><td><strong><span class=\"has-inline-color has-vivid-red-color\">Dyno b\u00e9rl\u00e9s<\/span><\/strong><\/td><\/tr><tr><td>Szenzorokkal, kezel\u0151vel, \u00f3r\u00e1nk\u00e9nt<\/td><td>140 Euro<\/td><td><\/td><\/tr><tr><td><strong><span class=\"has-inline-color has-vivid-red-color\">Motorker\u00e9kp\u00e1r<\/span><\/strong><\/td><\/tr><tr><td>0-50 Le<\/td><td>40 Euro<\/td><td><\/td><\/tr><tr><td>50-100 Le<\/td><td>60 Euro<\/td><td><\/td><\/tr><tr><td>100+ Le<\/td><td>80 Euro<\/td><td><\/td><\/tr><tr><td><strong><span class=\"has-inline-color has-vivid-red-color\">Programoz\u00e1s<\/span><\/strong><\/td><\/tr><tr><td>Paddal egy\u00fctt, \u00f3r\u00e1nk\u00e9nt<\/td><td>250 Euro<\/td><td><\/td><\/tr><\/tbody><\/table><\/figure>\n<\/div>\n<\/div>\n","protected":false},"excerpt":{"rendered":"<p>\u00c1raink f\u0151tengely teljes\u00edtm\u00e9ny szerint netto euroban Forintban MNB napi k\u00f6z\u00e9p\u00e1rfolyam szerint kell szorozni! Aut\u00f3 (2WD) 0-150 Le 40 Euro 150-300 Le 60 Euro 300-450 Le 80 Euro 450+ Le 100 Euro Aut\u00f3 (4WD) 0-150 Le 60 Euro 150-300 Le 80 Euro 300-450 Le 100 Euro 450+ Le 120 Euro Dyno b\u00e9rl\u00e9s Szenzorokkal, kezel\u0151vel, \u00f3r\u00e1nk\u00e9nt 140&hellip; <a class=\"more-link\" href=\"https:\/\/dynoproject.hu\/index.php\/araink\/\"><span class=\"screen-reader-text\">\u00c1raink<\/span> olvas\u00e1s\u00e1nak folytat\u00e1sa<\/a><\/p>\n","protected":false},"author":1,"featured_media":0,"parent":0,"menu_order":0,"comment_status":"closed","ping_status":"closed","template":"","meta":{"footnotes":""},"class_list":["post-132","page","type-page","status-publish","hentry","entry"],"_links":{"self":[{"href":"https:\/\/dynoproject.hu\/index.php\/wp-json\/wp\/v2\/pages\/132","targetHints":{"allow":["GET"]}}],"collection":[{"href":"https:\/\/dynoproject.hu\/index.php\/wp-json\/wp\/v2\/pages"}],"about":[{"href":"https:\/\/dynoproject.hu\/index.php\/wp-json\/wp\/v2\/types\/page"}],"author":[{"embeddable":true,"href":"https:\/\/dynoproject.hu\/index.php\/wp-json\/wp\/v2\/users\/1"}],"replies":[{"embeddable":true,"href":"https:\/\/dynoproject.hu\/index.php\/wp-json\/wp\/v2\/comments?post=132"}],"version-history":[{"count":2,"href":"https:\/\/dynoproject.hu\/index.php\/wp-json\/wp\/v2\/pages\/132\/revisions"}],"predecessor-version":[{"id":136,"href":"https:\/\/dynoproject.hu\/index.php\/wp-json\/wp\/v2\/pages\/132\/revisions\/136"}],"wp:attachment":[{"href":"https:\/\/dynoproject.hu\/index.php\/wp-json\/wp\/v2\/media?parent=132"}],"curies":[{"name":"wp","href":"https:\/\/api.w.org\/{rel}","templated":true}]}}